{"id":1669,"date":"2021-08-05T03:36:48","date_gmt":"2021-08-05T03:36:48","guid":{"rendered":"https:\/\/smartdata.tonytemplates.com\/cleaning-service-v3\/?page_id=30"},"modified":"2026-01-11T15:38:28","modified_gmt":"2026-01-11T15:38:28","slug":"uber-uns","status":"publish","type":"page","link":"https:\/\/blitzblank-mehr.de\/index.php\/uber-uns\/","title":{"rendered":"\u00dcber uns"},"content":{"rendered":"\t\t<div data-elementor-type=\"wp-page\" data-elementor-id=\"1669\" class=\"elementor elementor-1669\">\n\t\t\t\t\t\t<section class=\"elementor-section elementor-top-section elementor-element elementor-element-359bffc elementor-section-full_width elementor-section-height-default elementor-section-height-default\" data-id=\"359bffc\" data-element_type=\"section\">\n\t\t\t\t\t\t<div class=\"elementor-container elementor-column-gap-no\">\n\t\t\t\t\t<div class=\"elementor-column elementor-col-100 elementor-top-column elementor-element elementor-element-7f9f3a9\" data-id=\"7f9f3a9\" data-element_type=\"column\">\n\t\t\t<div class=\"elementor-widget-wrap elementor-element-populated\">\n\t\t\t\t\t\t<div class=\"elementor-element elementor-element-c4dc3f1 elementor-widget elementor-widget-company_history\" data-id=\"c4dc3f1\" data-element_type=\"widget\" data-widget_type=\"company_history.default\">\n\t\t\t\t<div class=\"elementor-widget-container\">\n\t\t\t\t\t \r\n\t\t\t\t<div class=\"block\">\r\n\t\t\t<div class=\"container\">\r\n\t\t\t\t\t\t\t\t<h1 class=\"h-decor text-center\">\r\n\t\t\t\t\t\u00dcber uns \t\t\t\t<\/h1>\r\n\t\t\t\t\t\t\t\t<h3 class=\"text-center\">Blitz Blank & Mehr<\/h3>\r\n\t\t\t\t<p class=\"text-center\">Willkommen bei Blitz Blank & Mehr \u2013 Ihrem zuverl\u00e4ssigen Partner f\u00fcr Geb\u00e4udereinigung, Hausmeisterservice und Objektpflege.\n\nUnser Ziel ist es, Sauberkeit, Ordnung und Werterhalt f\u00fcr Ihre Immobilie zu gew\u00e4hrleisten.\nOb Wohnanlage, B\u00fcrogeb\u00e4ude oder Gewerbeobjekt \u2013 wir k\u00fcmmern uns um jedes Detail, damit Sie sich um das Wesentliche k\u00fcmmern k\u00f6nnen.<\/p>\r\n\t\t\t\t<p class=\"info\">Mit Zuverl\u00e4ssigkeit, P\u00fcnktlichkeit und hoher Qualit\u00e4t f\u00fchren wir alle Arbeiten sorgf\u00e4ltig und professionell aus.\nUnsere Mitarbeiter sind geschult, erfahren und arbeiten mit modernen Reinigungsmitteln und Ger\u00e4ten.\n\nWir bieten ma\u00dfgeschneiderte L\u00f6sungen \u2013 ganz nach Ihren Bed\u00fcrfnissen.\nOb regelm\u00e4\u00dfige Reinigung, Gartenpflege, Winterdienst oder kleinere Reparaturen \u2013 bei uns bekommen Sie alles aus einer Hand.\n\nVertrauen Sie auf Blitz Blank & Mehr \u2013\nSauber. Ordentlich. Zuverl\u00e4ssig.<\/p>\r\n\t\t\t\t<div class=\"row\">\r\n\t\t\t\t\t\t\t\t\t \r\n\t\t\t\t\t<div class=\"col-sm-4\">\r\n\t\t\t\t\t\t\t\t\t\t<\/div>\r\n\t\t\t\t\t\t\t\t\t<\/div>\r\n\t\t\t<\/div>\r\n\t\t<\/div>\r\n\t\t\t\t\t\t\t<\/div>\n\t\t\t\t<\/div>\n\t\t\t\t\t<\/div>\n\t\t<\/div>\n\t\t\t\t\t<\/div>\n\t\t<\/section>\n\t\t\t\t<\/div>\n\t\t","protected":false},"excerpt":{"rendered":"<p>\u00dcber uns Blitz Blank &#038; Mehr Willkommen bei Blitz Blank &#038; Mehr \u2013 Ihrem zuverl\u00e4ssigen Partner f\u00fcr Geb\u00e4udereinigung, Hausmeisterservice und Objektpflege. Unser Ziel ist es, Sauberkeit, Ordnung und Werterhalt f\u00fcr Ihre Immobilie zu gew\u00e4hrleisten. Ob Wohnanlage, B\u00fcrogeb\u00e4ude oder Gewerbeobjekt \u2013 wir k\u00fcmmern uns um jedes Detail, damit Sie sich um das Wesentliche k\u00fcmmern k\u00f6nnen. Mit [&hellip;]<\/p>\n","protected":false},"author":1,"featured_media":0,"parent":0,"menu_order":0,"comment_status":"closed","ping_status":"closed","template":"elementor_header_footer","meta":{"footnotes":""},"class_list":["post-1669","page","type-page","status-publish","hentry"],"yoast_head":"<!-- This site is optimized with the Yoast SEO plugin v26.8 - https:\/\/yoast.com\/product\/yoast-seo-wordpress\/ -->\n<title>\u00dcber uns - Blitzblank-Mehr<\/title>\n<meta name=\"robots\" content=\"index, follow, max-snippet:-1, max-image-preview:large, max-video-preview:-1\" \/>\n<link rel=\"canonical\" href=\"https:\/\/blitzblank-mehr.de\/index.php\/uber-uns\/\" \/>\n<meta property=\"og:locale\" content=\"en_US\" \/>\n<meta property=\"og:type\" content=\"article\" \/>\n<meta property=\"og:title\" content=\"\u00dcber uns - Blitzblank-Mehr\" \/>\n<meta property=\"og:description\" content=\"\u00dcber uns Blitz Blank &#038; Mehr Willkommen bei Blitz Blank &#038; Mehr \u2013 Ihrem zuverl\u00e4ssigen Partner f\u00fcr Geb\u00e4udereinigung, Hausmeisterservice und Objektpflege. Unser Ziel ist es, Sauberkeit, Ordnung und Werterhalt f\u00fcr Ihre Immobilie zu gew\u00e4hrleisten. Ob Wohnanlage, B\u00fcrogeb\u00e4ude oder Gewerbeobjekt \u2013 wir k\u00fcmmern uns um jedes Detail, damit Sie sich um das Wesentliche k\u00fcmmern k\u00f6nnen. Mit [&hellip;]\" \/>\n<meta property=\"og:url\" content=\"https:\/\/blitzblank-mehr.de\/index.php\/uber-uns\/\" \/>\n<meta property=\"og:site_name\" content=\"Blitzblank-Mehr\" \/>\n<meta property=\"article:modified_time\" content=\"2026-01-11T15:38:28+00:00\" \/>\n<meta name=\"twitter:card\" content=\"summary_large_image\" \/>\n<meta name=\"twitter:label1\" content=\"Est. reading time\" \/>\n\t<meta name=\"twitter:data1\" content=\"1 minute\" \/>\n<script type=\"application\/ld+json\" class=\"yoast-schema-graph\">{\"@context\":\"https:\/\/schema.org\",\"@graph\":[{\"@type\":\"WebPage\",\"@id\":\"https:\/\/blitzblank-mehr.de\/index.php\/uber-uns\/\",\"url\":\"https:\/\/blitzblank-mehr.de\/index.php\/uber-uns\/\",\"name\":\"\u00dcber uns - Blitzblank-Mehr\",\"isPartOf\":{\"@id\":\"https:\/\/blitzblank-mehr.de\/#website\"},\"datePublished\":\"2021-08-05T03:36:48+00:00\",\"dateModified\":\"2026-01-11T15:38:28+00:00\",\"breadcrumb\":{\"@id\":\"https:\/\/blitzblank-mehr.de\/index.php\/uber-uns\/#breadcrumb\"},\"inLanguage\":\"en-US\",\"potentialAction\":[{\"@type\":\"ReadAction\",\"target\":[\"https:\/\/blitzblank-mehr.de\/index.php\/uber-uns\/\"]}]},{\"@type\":\"BreadcrumbList\",\"@id\":\"https:\/\/blitzblank-mehr.de\/index.php\/uber-uns\/#breadcrumb\",\"itemListElement\":[{\"@type\":\"ListItem\",\"position\":1,\"name\":\"Home\",\"item\":\"https:\/\/blitzblank-mehr.de\/\"},{\"@type\":\"ListItem\",\"position\":2,\"name\":\"\u00dcber uns\"}]},{\"@type\":\"WebSite\",\"@id\":\"https:\/\/blitzblank-mehr.de\/#website\",\"url\":\"https:\/\/blitzblank-mehr.de\/\",\"name\":\"Blitzblank-Mehr\",\"description\":\"Startiren\",\"publisher\":{\"@id\":\"https:\/\/blitzblank-mehr.de\/#organization\"},\"potentialAction\":[{\"@type\":\"SearchAction\",\"target\":{\"@type\":\"EntryPoint\",\"urlTemplate\":\"https:\/\/blitzblank-mehr.de\/?s={search_term_string}\"},\"query-input\":{\"@type\":\"PropertyValueSpecification\",\"valueRequired\":true,\"valueName\":\"search_term_string\"}}],\"inLanguage\":\"en-US\"},{\"@type\":\"Organization\",\"@id\":\"https:\/\/blitzblank-mehr.de\/#organization\",\"name\":\"Blitzblank-Mehr\",\"url\":\"https:\/\/blitzblank-mehr.de\/\",\"logo\":{\"@type\":\"ImageObject\",\"inLanguage\":\"en-US\",\"@id\":\"https:\/\/blitzblank-mehr.de\/#\/schema\/logo\/image\/\",\"url\":\"https:\/\/blitzblank-mehr.de\/wp-content\/uploads\/2026\/01\/logo.png\",\"contentUrl\":\"https:\/\/blitzblank-mehr.de\/wp-content\/uploads\/2026\/01\/logo.png\",\"width\":279,\"height\":223,\"caption\":\"Blitzblank-Mehr\"},\"image\":{\"@id\":\"https:\/\/blitzblank-mehr.de\/#\/schema\/logo\/image\/\"}}]}<\/script>\n<!-- \/ Yoast SEO plugin. -->","yoast_head_json":{"title":"\u00dcber uns - Blitzblank-Mehr","robots":{"index":"index","follow":"follow","max-snippet":"max-snippet:-1","max-image-preview":"max-image-preview:large","max-video-preview":"max-video-preview:-1"},"canonical":"https:\/\/blitzblank-mehr.de\/index.php\/uber-uns\/","og_locale":"en_US","og_type":"article","og_title":"\u00dcber uns - Blitzblank-Mehr","og_description":"\u00dcber uns Blitz Blank &#038; Mehr Willkommen bei Blitz Blank &#038; Mehr \u2013 Ihrem zuverl\u00e4ssigen Partner f\u00fcr Geb\u00e4udereinigung, Hausmeisterservice und Objektpflege. Unser Ziel ist es, Sauberkeit, Ordnung und Werterhalt f\u00fcr Ihre Immobilie zu gew\u00e4hrleisten. Ob Wohnanlage, B\u00fcrogeb\u00e4ude oder Gewerbeobjekt \u2013 wir k\u00fcmmern uns um jedes Detail, damit Sie sich um das Wesentliche k\u00fcmmern k\u00f6nnen. Mit [&hellip;]","og_url":"https:\/\/blitzblank-mehr.de\/index.php\/uber-uns\/","og_site_name":"Blitzblank-Mehr","article_modified_time":"2026-01-11T15:38:28+00:00","twitter_card":"summary_large_image","twitter_misc":{"Est. reading time":"1 minute"},"schema":{"@context":"https:\/\/schema.org","@graph":[{"@type":"WebPage","@id":"https:\/\/blitzblank-mehr.de\/index.php\/uber-uns\/","url":"https:\/\/blitzblank-mehr.de\/index.php\/uber-uns\/","name":"\u00dcber uns - Blitzblank-Mehr","isPartOf":{"@id":"https:\/\/blitzblank-mehr.de\/#website"},"datePublished":"2021-08-05T03:36:48+00:00","dateModified":"2026-01-11T15:38:28+00:00","breadcrumb":{"@id":"https:\/\/blitzblank-mehr.de\/index.php\/uber-uns\/#breadcrumb"},"inLanguage":"en-US","potentialAction":[{"@type":"ReadAction","target":["https:\/\/blitzblank-mehr.de\/index.php\/uber-uns\/"]}]},{"@type":"BreadcrumbList","@id":"https:\/\/blitzblank-mehr.de\/index.php\/uber-uns\/#breadcrumb","itemListElement":[{"@type":"ListItem","position":1,"name":"Home","item":"https:\/\/blitzblank-mehr.de\/"},{"@type":"ListItem","position":2,"name":"\u00dcber uns"}]},{"@type":"WebSite","@id":"https:\/\/blitzblank-mehr.de\/#website","url":"https:\/\/blitzblank-mehr.de\/","name":"Blitzblank-Mehr","description":"Startiren","publisher":{"@id":"https:\/\/blitzblank-mehr.de\/#organization"},"potentialAction":[{"@type":"SearchAction","target":{"@type":"EntryPoint","urlTemplate":"https:\/\/blitzblank-mehr.de\/?s={search_term_string}"},"query-input":{"@type":"PropertyValueSpecification","valueRequired":true,"valueName":"search_term_string"}}],"inLanguage":"en-US"},{"@type":"Organization","@id":"https:\/\/blitzblank-mehr.de\/#organization","name":"Blitzblank-Mehr","url":"https:\/\/blitzblank-mehr.de\/","logo":{"@type":"ImageObject","inLanguage":"en-US","@id":"https:\/\/blitzblank-mehr.de\/#\/schema\/logo\/image\/","url":"https:\/\/blitzblank-mehr.de\/wp-content\/uploads\/2026\/01\/logo.png","contentUrl":"https:\/\/blitzblank-mehr.de\/wp-content\/uploads\/2026\/01\/logo.png","width":279,"height":223,"caption":"Blitzblank-Mehr"},"image":{"@id":"https:\/\/blitzblank-mehr.de\/#\/schema\/logo\/image\/"}}]}},"_links":{"self":[{"href":"https:\/\/blitzblank-mehr.de\/index.php\/wp-json\/wp\/v2\/pages\/1669","targetHints":{"allow":["GET"]}}],"collection":[{"href":"https:\/\/blitzblank-mehr.de\/index.php\/wp-json\/wp\/v2\/pages"}],"about":[{"href":"https:\/\/blitzblank-mehr.de\/index.php\/wp-json\/wp\/v2\/types\/page"}],"author":[{"embeddable":true,"href":"https:\/\/blitzblank-mehr.de\/index.php\/wp-json\/wp\/v2\/users\/1"}],"replies":[{"embeddable":true,"href":"https:\/\/blitzblank-mehr.de\/index.php\/wp-json\/wp\/v2\/comments?post=1669"}],"version-history":[{"count":4,"href":"https:\/\/blitzblank-mehr.de\/index.php\/wp-json\/wp\/v2\/pages\/1669\/revisions"}],"predecessor-version":[{"id":1691,"href":"https:\/\/blitzblank-mehr.de\/index.php\/wp-json\/wp\/v2\/pages\/1669\/revisions\/1691"}],"wp:attachment":[{"href":"https:\/\/blitzblank-mehr.de\/index.php\/wp-json\/wp\/v2\/media?parent=1669"}],"curies":[{"name":"wp","href":"https:\/\/api.w.org\/{rel}","templated":true}]}}