{"id":1773,"date":"2026-01-12T16:46:14","date_gmt":"2026-01-12T16:46:14","guid":{"rendered":"https:\/\/blitzblank-mehr.de\/?page_id=1773"},"modified":"2026-01-12T18:42:25","modified_gmt":"2026-01-12T18:42:25","slug":"hausmeisterservice","status":"publish","type":"page","link":"https:\/\/blitzblank-mehr.de\/index.php\/hausmeisterservice\/","title":{"rendered":"Hausmeisterservice"},"content":{"rendered":"\t\t<div data-elementor-type=\"wp-page\" data-elementor-id=\"1773\" class=\"elementor elementor-1773\">\n\t\t\t\t<div class=\"elementor-element elementor-element-599d24de e-flex e-con-boxed e-con e-parent\" data-id=\"599d24de\" data-element_type=\"container\">\n\t\t\t\t\t<div class=\"e-con-inner\">\n\t\t\t\t<div class=\"elementor-element elementor-element-4b80faf4 elementor-widget elementor-widget-heading\" data-id=\"4b80faf4\" data-element_type=\"widget\" data-widget_type=\"heading.default\">\n\t\t\t\t\t<h3 class=\"elementor-heading-title elementor-size-default\">Hausmeisterservice \/ Geb\u00e4udemanagement<\/h3>\t\t\t\t<\/div>\n\t\t\t\t\t<\/div>\n\t\t\t\t<\/div>\n\t\t\t\t<section class=\"elementor-section elementor-top-section elementor-element elementor-element-83b2adf elementor-section-full_width elementor-section-height-default elementor-section-height-default\" data-id=\"83b2adf\" data-element_type=\"section\">\n\t\t\t\t\t\t<div class=\"elementor-container elementor-column-gap-no\">\n\t\t\t\t\t<div class=\"elementor-column elementor-col-100 elementor-top-column elementor-element elementor-element-ea5d9f0\" data-id=\"ea5d9f0\" data-element_type=\"column\">\n\t\t\t<div class=\"elementor-widget-wrap elementor-element-populated\">\n\t\t\t\t\t\t<div class=\"elementor-element elementor-element-0638f0d elementor-widget elementor-widget-customer_choose_us\" data-id=\"0638f0d\" data-element_type=\"widget\" data-widget_type=\"customer_choose_us.default\">\n\t\t\t\t<div class=\"elementor-widget-container\">\n\t\t\t\t\t      <div class=\"block\">\r\n            <div class=\"container\">\r\n                <div class=\"row row-revert-xs\">\r\n                    <div class=\"col-sm-5 col-md-5 col-lg-6\">\r\n                        <img decoding=\"async\" src=\"https:\/\/blitzblank-mehr.de\/wp-content\/uploads\/2026\/01\/Building.png\" class=\"img-responsive visible-lg visible-md hidden-sm visible-xs\" alt=\"\" loading=\"lazy\">\r\n                        <img decoding=\"async\" src=\"https:\/\/blitzblank-mehr.de\/wp-content\/uploads\/2026\/01\/Building.png\" class=\"img-responsive hidden-lg hidden-md hidden-xs visible-sm\" alt=\"\" loading=\"lazy\">\r\n                    <\/div>\r\n                    <div class=\"divider-xl visible-xs\"><\/div>\r\n                    <div class=\"col-sm-7 col-md-7 col-lg-6\">\r\n                                        <h2 class=\"heading_test\">\r\n                    Wir sorgen daf\u00fcr, dass Ihre Immobilie sicher, gepflegt und reibungslos funktioniert. Unsere Leistungen im \u00dcberblick:                <\/h2>\r\n                        <p class=\"p-lg\">                        <\/p>\r\n                         \r\n                            <div class=\"marker-box \">\r\n                                <div class=\"marker-box-marker\"><\/div>\r\n                                <h4 class=\"marker-box-title\">Regelm\u00e4\u00dfige Kontrolle und Begehung des Objekts<\/h4>\r\n                                <p>Wir \u00fcberwachen Ihre Immobilie, damit alles einwandfrei l\u00e4uft.<\/p>\r\n                            <\/div> \r\n                             \r\n                            <div class=\"marker-box \">\r\n                                <div class=\"marker-box-marker\"><\/div>\r\n                                <h4 class=\"marker-box-title\">Kleine Reparaturen in gemeinschaftlichen Bereichen<\/h4>\r\n                                <p>Schnelle und zuverl\u00e4ssige Behebung kleiner Sch\u00e4den.<\/p>\r\n                            <\/div> \r\n                             \r\n                            <div class=\"marker-box hidden-md\">\r\n                                <div class=\"marker-box-marker\"><\/div>\r\n                                <h4 class=\"marker-box-title\">Austausch von Gl\u00fchbirnen, Schaltern und Steckdosen<\/h4>\r\n                                <p> Kein \u00c4rger f\u00fcr die Mieter, wir k\u00fcmmern uns darum.\n<\/p>\r\n                            <\/div> \r\n                             \r\n                            <div class=\"marker-box \">\r\n                                <div class=\"marker-box-marker\"><\/div>\r\n                                <h4 class=\"marker-box-title\">Kontrolle und Wartung von Eingangst\u00fcren, Schl\u00f6ssern und Gegensprechanlagen <\/h4>\r\n                                <p>Sicherheit und Funktionalit\u00e4t stehen an erster Stelle.<\/p>\r\n                            <\/div> \r\n                             \r\n                            <div class=\"marker-box \">\r\n                                <div class=\"marker-box-marker\"><\/div>\r\n                                <h4 class=\"marker-box-title\">Betreuung von Keller- und Gemeinschaftsr\u00e4umen<\/h4>\r\n                                <p>Saubere und zug\u00e4ngliche Bereiche f\u00fcr alle Bewohner.<\/p>\r\n                            <\/div> \r\n                             \r\n                            <div class=\"marker-box \">\r\n                                <div class=\"marker-box-marker\"><\/div>\r\n                                <h4 class=\"marker-box-title\"> Pflege und Reinigung von Treppenh\u00e4usern und Fluren <\/h4>\r\n                                <p>Ein gepflegtes Erscheinungsbild rund um Ihre Immobilie.<\/p>\r\n                            <\/div> \r\n                             \r\n                            <div class=\"marker-box \">\r\n                                <div class=\"marker-box-marker\"><\/div>\r\n                                <h4 class=\"marker-box-title\"> Koordination mit Handwerkern<\/h4>\r\n                                <p>Elektriker, Sanit\u00e4r und andere Spezialisten bei Bedarf.<\/p>\r\n                            <\/div> \r\n                             \r\n                            <div class=\"marker-box \">\r\n                                <div class=\"marker-box-marker\"><\/div>\r\n                                <h4 class=\"marker-box-title\">24\/7 Notfallservice<\/h4>\r\n                                <p>Wir reagieren schnell bei dringenden Problemen.<\/p>\r\n                            <\/div> \r\n                                                <\/div>\r\n                <\/div>\r\n            <\/div>\r\n        <\/div>\r\n\t\t\t\t<\/div>\n\t\t\t\t<\/div>\n\t\t\t\t\t<\/div>\n\t\t<\/div>\n\t\t\t\t\t<\/div>\n\t\t<\/section>\n\t\t\t\t<\/div>\n\t\t","protected":false},"excerpt":{"rendered":"<p>Hausmeisterservice \/ Geb\u00e4udemanagement Wir sorgen daf\u00fcr, dass Ihre Immobilie sicher, gepflegt und reibungslos funktioniert. Unsere Leistungen im \u00dcberblick: Regelm\u00e4\u00dfige Kontrolle und Begehung des Objekts Wir \u00fcberwachen Ihre Immobilie, damit alles einwandfrei l\u00e4uft. Kleine Reparaturen in gemeinschaftlichen Bereichen Schnelle und zuverl\u00e4ssige Behebung kleiner Sch\u00e4den. Austausch von Gl\u00fchbirnen, Schaltern und Steckdosen Kein \u00c4rger f\u00fcr die Mieter, wir [&hellip;]<\/p>\n","protected":false},"author":1,"featured_media":0,"parent":0,"menu_order":0,"comment_status":"closed","ping_status":"closed","template":"elementor_header_footer","meta":{"footnotes":""},"class_list":["post-1773","page","type-page","status-publish","hentry"],"yoast_head":"<!-- This site is optimized with the Yoast SEO plugin v26.8 - https:\/\/yoast.com\/product\/yoast-seo-wordpress\/ -->\n<title>Hausmeisterservice - Blitzblank-Mehr<\/title>\n<meta name=\"robots\" content=\"index, follow, max-snippet:-1, max-image-preview:large, max-video-preview:-1\" \/>\n<link rel=\"canonical\" href=\"https:\/\/blitzblank-mehr.de\/index.php\/hausmeisterservice\/\" \/>\n<meta property=\"og:locale\" content=\"en_US\" \/>\n<meta property=\"og:type\" content=\"article\" \/>\n<meta property=\"og:title\" content=\"Hausmeisterservice - Blitzblank-Mehr\" \/>\n<meta property=\"og:description\" content=\"Hausmeisterservice \/ Geb\u00e4udemanagement Wir sorgen daf\u00fcr, dass Ihre Immobilie sicher, gepflegt und reibungslos funktioniert. Unsere Leistungen im \u00dcberblick: Regelm\u00e4\u00dfige Kontrolle und Begehung des Objekts Wir \u00fcberwachen Ihre Immobilie, damit alles einwandfrei l\u00e4uft. Kleine Reparaturen in gemeinschaftlichen Bereichen Schnelle und zuverl\u00e4ssige Behebung kleiner Sch\u00e4den. Austausch von Gl\u00fchbirnen, Schaltern und Steckdosen Kein \u00c4rger f\u00fcr die Mieter, wir [&hellip;]\" \/>\n<meta property=\"og:url\" content=\"https:\/\/blitzblank-mehr.de\/index.php\/hausmeisterservice\/\" \/>\n<meta property=\"og:site_name\" content=\"Blitzblank-Mehr\" \/>\n<meta property=\"article:modified_time\" content=\"2026-01-12T18:42:25+00:00\" \/>\n<meta property=\"og:image\" content=\"https:\/\/blitzblank-mehr.de\/wp-content\/uploads\/2026\/01\/Building.png\" \/>\n<meta name=\"twitter:card\" content=\"summary_large_image\" \/>\n<meta name=\"twitter:label1\" content=\"Est. reading time\" \/>\n\t<meta name=\"twitter:data1\" content=\"1 minute\" \/>\n<script type=\"application\/ld+json\" class=\"yoast-schema-graph\">{\"@context\":\"https:\/\/schema.org\",\"@graph\":[{\"@type\":\"WebPage\",\"@id\":\"https:\/\/blitzblank-mehr.de\/index.php\/hausmeisterservice\/\",\"url\":\"https:\/\/blitzblank-mehr.de\/index.php\/hausmeisterservice\/\",\"name\":\"Hausmeisterservice - Blitzblank-Mehr\",\"isPartOf\":{\"@id\":\"https:\/\/blitzblank-mehr.de\/#website\"},\"primaryImageOfPage\":{\"@id\":\"https:\/\/blitzblank-mehr.de\/index.php\/hausmeisterservice\/#primaryimage\"},\"image\":{\"@id\":\"https:\/\/blitzblank-mehr.de\/index.php\/hausmeisterservice\/#primaryimage\"},\"thumbnailUrl\":\"https:\/\/blitzblank-mehr.de\/wp-content\/uploads\/2026\/01\/Building.png\",\"datePublished\":\"2026-01-12T16:46:14+00:00\",\"dateModified\":\"2026-01-12T18:42:25+00:00\",\"breadcrumb\":{\"@id\":\"https:\/\/blitzblank-mehr.de\/index.php\/hausmeisterservice\/#breadcrumb\"},\"inLanguage\":\"en-US\",\"potentialAction\":[{\"@type\":\"ReadAction\",\"target\":[\"https:\/\/blitzblank-mehr.de\/index.php\/hausmeisterservice\/\"]}]},{\"@type\":\"ImageObject\",\"inLanguage\":\"en-US\",\"@id\":\"https:\/\/blitzblank-mehr.de\/index.php\/hausmeisterservice\/#primaryimage\",\"url\":\"https:\/\/blitzblank-mehr.de\/wp-content\/uploads\/2026\/01\/Building.png\",\"contentUrl\":\"https:\/\/blitzblank-mehr.de\/wp-content\/uploads\/2026\/01\/Building.png\",\"width\":1024,\"height\":1024},{\"@type\":\"BreadcrumbList\",\"@id\":\"https:\/\/blitzblank-mehr.de\/index.php\/hausmeisterservice\/#breadcrumb\",\"itemListElement\":[{\"@type\":\"ListItem\",\"position\":1,\"name\":\"Home\",\"item\":\"https:\/\/blitzblank-mehr.de\/\"},{\"@type\":\"ListItem\",\"position\":2,\"name\":\"Hausmeisterservice\"}]},{\"@type\":\"WebSite\",\"@id\":\"https:\/\/blitzblank-mehr.de\/#website\",\"url\":\"https:\/\/blitzblank-mehr.de\/\",\"name\":\"Blitzblank-Mehr\",\"description\":\"Startiren\",\"publisher\":{\"@id\":\"https:\/\/blitzblank-mehr.de\/#organization\"},\"potentialAction\":[{\"@type\":\"SearchAction\",\"target\":{\"@type\":\"EntryPoint\",\"urlTemplate\":\"https:\/\/blitzblank-mehr.de\/?s={search_term_string}\"},\"query-input\":{\"@type\":\"PropertyValueSpecification\",\"valueRequired\":true,\"valueName\":\"search_term_string\"}}],\"inLanguage\":\"en-US\"},{\"@type\":\"Organization\",\"@id\":\"https:\/\/blitzblank-mehr.de\/#organization\",\"name\":\"Blitzblank-Mehr\",\"url\":\"https:\/\/blitzblank-mehr.de\/\",\"logo\":{\"@type\":\"ImageObject\",\"inLanguage\":\"en-US\",\"@id\":\"https:\/\/blitzblank-mehr.de\/#\/schema\/logo\/image\/\",\"url\":\"https:\/\/blitzblank-mehr.de\/wp-content\/uploads\/2026\/01\/logo.png\",\"contentUrl\":\"https:\/\/blitzblank-mehr.de\/wp-content\/uploads\/2026\/01\/logo.png\",\"width\":279,\"height\":223,\"caption\":\"Blitzblank-Mehr\"},\"image\":{\"@id\":\"https:\/\/blitzblank-mehr.de\/#\/schema\/logo\/image\/\"}}]}<\/script>\n<!-- \/ Yoast SEO plugin. -->","yoast_head_json":{"title":"Hausmeisterservice - Blitzblank-Mehr","robots":{"index":"index","follow":"follow","max-snippet":"max-snippet:-1","max-image-preview":"max-image-preview:large","max-video-preview":"max-video-preview:-1"},"canonical":"https:\/\/blitzblank-mehr.de\/index.php\/hausmeisterservice\/","og_locale":"en_US","og_type":"article","og_title":"Hausmeisterservice - Blitzblank-Mehr","og_description":"Hausmeisterservice \/ Geb\u00e4udemanagement Wir sorgen daf\u00fcr, dass Ihre Immobilie sicher, gepflegt und reibungslos funktioniert. Unsere Leistungen im \u00dcberblick: Regelm\u00e4\u00dfige Kontrolle und Begehung des Objekts Wir \u00fcberwachen Ihre Immobilie, damit alles einwandfrei l\u00e4uft. Kleine Reparaturen in gemeinschaftlichen Bereichen Schnelle und zuverl\u00e4ssige Behebung kleiner Sch\u00e4den. Austausch von Gl\u00fchbirnen, Schaltern und Steckdosen Kein \u00c4rger f\u00fcr die Mieter, wir [&hellip;]","og_url":"https:\/\/blitzblank-mehr.de\/index.php\/hausmeisterservice\/","og_site_name":"Blitzblank-Mehr","article_modified_time":"2026-01-12T18:42:25+00:00","og_image":[{"url":"https:\/\/blitzblank-mehr.de\/wp-content\/uploads\/2026\/01\/Building.png","type":"","width":"","height":""}],"twitter_card":"summary_large_image","twitter_misc":{"Est. reading time":"1 minute"},"schema":{"@context":"https:\/\/schema.org","@graph":[{"@type":"WebPage","@id":"https:\/\/blitzblank-mehr.de\/index.php\/hausmeisterservice\/","url":"https:\/\/blitzblank-mehr.de\/index.php\/hausmeisterservice\/","name":"Hausmeisterservice - Blitzblank-Mehr","isPartOf":{"@id":"https:\/\/blitzblank-mehr.de\/#website"},"primaryImageOfPage":{"@id":"https:\/\/blitzblank-mehr.de\/index.php\/hausmeisterservice\/#primaryimage"},"image":{"@id":"https:\/\/blitzblank-mehr.de\/index.php\/hausmeisterservice\/#primaryimage"},"thumbnailUrl":"https:\/\/blitzblank-mehr.de\/wp-content\/uploads\/2026\/01\/Building.png","datePublished":"2026-01-12T16:46:14+00:00","dateModified":"2026-01-12T18:42:25+00:00","breadcrumb":{"@id":"https:\/\/blitzblank-mehr.de\/index.php\/hausmeisterservice\/#breadcrumb"},"inLanguage":"en-US","potentialAction":[{"@type":"ReadAction","target":["https:\/\/blitzblank-mehr.de\/index.php\/hausmeisterservice\/"]}]},{"@type":"ImageObject","inLanguage":"en-US","@id":"https:\/\/blitzblank-mehr.de\/index.php\/hausmeisterservice\/#primaryimage","url":"https:\/\/blitzblank-mehr.de\/wp-content\/uploads\/2026\/01\/Building.png","contentUrl":"https:\/\/blitzblank-mehr.de\/wp-content\/uploads\/2026\/01\/Building.png","width":1024,"height":1024},{"@type":"BreadcrumbList","@id":"https:\/\/blitzblank-mehr.de\/index.php\/hausmeisterservice\/#breadcrumb","itemListElement":[{"@type":"ListItem","position":1,"name":"Home","item":"https:\/\/blitzblank-mehr.de\/"},{"@type":"ListItem","position":2,"name":"Hausmeisterservice"}]},{"@type":"WebSite","@id":"https:\/\/blitzblank-mehr.de\/#website","url":"https:\/\/blitzblank-mehr.de\/","name":"Blitzblank-Mehr","description":"Startiren","publisher":{"@id":"https:\/\/blitzblank-mehr.de\/#organization"},"potentialAction":[{"@type":"SearchAction","target":{"@type":"EntryPoint","urlTemplate":"https:\/\/blitzblank-mehr.de\/?s={search_term_string}"},"query-input":{"@type":"PropertyValueSpecification","valueRequired":true,"valueName":"search_term_string"}}],"inLanguage":"en-US"},{"@type":"Organization","@id":"https:\/\/blitzblank-mehr.de\/#organization","name":"Blitzblank-Mehr","url":"https:\/\/blitzblank-mehr.de\/","logo":{"@type":"ImageObject","inLanguage":"en-US","@id":"https:\/\/blitzblank-mehr.de\/#\/schema\/logo\/image\/","url":"https:\/\/blitzblank-mehr.de\/wp-content\/uploads\/2026\/01\/logo.png","contentUrl":"https:\/\/blitzblank-mehr.de\/wp-content\/uploads\/2026\/01\/logo.png","width":279,"height":223,"caption":"Blitzblank-Mehr"},"image":{"@id":"https:\/\/blitzblank-mehr.de\/#\/schema\/logo\/image\/"}}]}},"_links":{"self":[{"href":"https:\/\/blitzblank-mehr.de\/index.php\/wp-json\/wp\/v2\/pages\/1773","targetHints":{"allow":["GET"]}}],"collection":[{"href":"https:\/\/blitzblank-mehr.de\/index.php\/wp-json\/wp\/v2\/pages"}],"about":[{"href":"https:\/\/blitzblank-mehr.de\/index.php\/wp-json\/wp\/v2\/types\/page"}],"author":[{"embeddable":true,"href":"https:\/\/blitzblank-mehr.de\/index.php\/wp-json\/wp\/v2\/users\/1"}],"replies":[{"embeddable":true,"href":"https:\/\/blitzblank-mehr.de\/index.php\/wp-json\/wp\/v2\/comments?post=1773"}],"version-history":[{"count":45,"href":"https:\/\/blitzblank-mehr.de\/index.php\/wp-json\/wp\/v2\/pages\/1773\/revisions"}],"predecessor-version":[{"id":1835,"href":"https:\/\/blitzblank-mehr.de\/index.php\/wp-json\/wp\/v2\/pages\/1773\/revisions\/1835"}],"wp:attachment":[{"href":"https:\/\/blitzblank-mehr.de\/index.php\/wp-json\/wp\/v2\/media?parent=1773"}],"curies":[{"name":"wp","href":"https:\/\/api.w.org\/{rel}","templated":true}]}}