{"id":1853,"date":"2026-01-12T19:03:22","date_gmt":"2026-01-12T19:03:22","guid":{"rendered":"https:\/\/blitzblank-mehr.de\/?page_id=1853"},"modified":"2026-01-12T19:05:59","modified_gmt":"2026-01-12T19:05:59","slug":"entrumpelung","status":"publish","type":"page","link":"https:\/\/blitzblank-mehr.de\/index.php\/entrumpelung\/","title":{"rendered":"Entr\u00fcmpelung"},"content":{"rendered":"\t\t<div data-elementor-type=\"wp-page\" data-elementor-id=\"1853\" class=\"elementor elementor-1853\">\n\t\t\t\t<div class=\"elementor-element elementor-element-599d24de e-flex e-con-boxed e-con e-parent\" data-id=\"599d24de\" data-element_type=\"container\">\n\t\t\t\t\t<div class=\"e-con-inner\">\n\t\t\t\t<div class=\"elementor-element elementor-element-4b80faf4 elementor-widget elementor-widget-heading\" data-id=\"4b80faf4\" data-element_type=\"widget\" data-widget_type=\"heading.default\">\n\t\t\t\t\t<h3 class=\"elementor-heading-title elementor-size-default\">Entr\u00fcmpelung \/ R\u00e4umung<\/h3>\t\t\t\t<\/div>\n\t\t\t\t\t<\/div>\n\t\t\t\t<\/div>\n\t\t\t\t<section class=\"elementor-section elementor-top-section elementor-element elementor-element-83b2adf elementor-section-full_width elementor-section-height-default elementor-section-height-default\" data-id=\"83b2adf\" data-element_type=\"section\">\n\t\t\t\t\t\t<div class=\"elementor-container elementor-column-gap-no\">\n\t\t\t\t\t<div class=\"elementor-column elementor-col-100 elementor-top-column elementor-element elementor-element-ea5d9f0\" data-id=\"ea5d9f0\" data-element_type=\"column\">\n\t\t\t<div class=\"elementor-widget-wrap elementor-element-populated\">\n\t\t\t\t\t\t<div class=\"elementor-element elementor-element-0638f0d elementor-widget elementor-widget-customer_choose_us\" data-id=\"0638f0d\" data-element_type=\"widget\" data-widget_type=\"customer_choose_us.default\">\n\t\t\t\t<div class=\"elementor-widget-container\">\n\t\t\t\t\t      <div class=\"block\">\r\n            <div class=\"container\">\r\n                <div class=\"row row-revert-xs\">\r\n                    <div class=\"col-sm-5 col-md-5 col-lg-6\">\r\n                        <img decoding=\"async\" src=\"https:\/\/blitzblank-mehr.de\/wp-content\/uploads\/2026\/01\/Entrumpelung.png\" class=\"img-responsive visible-lg visible-md hidden-sm visible-xs\" alt=\"\" loading=\"lazy\">\r\n                        <img decoding=\"async\" src=\"https:\/\/blitzblank-mehr.de\/wp-content\/uploads\/2026\/01\/Entrumpelung.png\" class=\"img-responsive hidden-lg hidden-md hidden-xs visible-sm\" alt=\"\" loading=\"lazy\">\r\n                    <\/div>\r\n                    <div class=\"divider-xl visible-xs\"><\/div>\r\n                    <div class=\"col-sm-7 col-md-7 col-lg-6\">\r\n                                        <h2 class=\"heading_test\">\r\n                    Schnell, zuverl\u00e4ssig und umweltfreundlich \u2013 wir r\u00e4umen alles, was Sie loswerden m\u00f6chten:                <\/h2>\r\n                        <p class=\"p-lg\">                        <\/p>\r\n                         \r\n                            <div class=\"marker-box \">\r\n                                <div class=\"marker-box-marker\"><\/div>\r\n                                <h4 class=\"marker-box-title\">Wohnungs<\/h4>\r\n                                <p> Keller- und B\u00fcroentr\u00fcmpelung<\/p>\r\n                            <\/div> \r\n                             \r\n                            <div class=\"marker-box \">\r\n                                <div class=\"marker-box-marker\"><\/div>\r\n                                <h4 class=\"marker-box-title\">Abtransport von <\/h4>\r\n                                <p>Sperrm\u00fcll und nicht mehr ben\u00f6tigten Gegenst\u00e4nde<\/p>\r\n                            <\/div> \r\n                             \r\n                            <div class=\"marker-box hidden-md\">\r\n                                <div class=\"marker-box-marker\"><\/div>\r\n                                <h4 class=\"marker-box-title\">Umweltgerechte<\/h4>\r\n                                <p> Entsorgung<\/p>\r\n                            <\/div> \r\n                             \r\n                            <div class=\"marker-box \">\r\n                                <div class=\"marker-box-marker\"><\/div>\r\n                                <h4 class=\"marker-box-title\">Komplette R\u00e4umungen<\/h4>\r\n                                <p> mit professioneller Organisation<\/p>\r\n                            <\/div> \r\n                                                <\/div>\r\n                <\/div>\r\n            <\/div>\r\n        <\/div>\r\n\t\t\t\t<\/div>\n\t\t\t\t<\/div>\n\t\t\t\t\t<\/div>\n\t\t<\/div>\n\t\t\t\t\t<\/div>\n\t\t<\/section>\n\t\t\t\t<\/div>\n\t\t","protected":false},"excerpt":{"rendered":"<p>Entr\u00fcmpelung \/ R\u00e4umung Schnell, zuverl\u00e4ssig und umweltfreundlich \u2013 wir r\u00e4umen alles, was Sie loswerden m\u00f6chten: Wohnungs Keller- und B\u00fcroentr\u00fcmpelung Abtransport von Sperrm\u00fcll und nicht mehr ben\u00f6tigten Gegenst\u00e4nde Umweltgerechte Entsorgung Komplette R\u00e4umungen mit professioneller Organisation<\/p>\n","protected":false},"author":1,"featured_media":0,"parent":0,"menu_order":0,"comment_status":"closed","ping_status":"closed","template":"elementor_header_footer","meta":{"footnotes":""},"class_list":["post-1853","page","type-page","status-publish","hentry"],"yoast_head":"<!-- This site is optimized with the Yoast SEO plugin v26.8 - https:\/\/yoast.com\/product\/yoast-seo-wordpress\/ -->\n<title>Entr\u00fcmpelung - Blitzblank-Mehr<\/title>\n<meta name=\"robots\" content=\"index, follow, max-snippet:-1, max-image-preview:large, max-video-preview:-1\" \/>\n<link rel=\"canonical\" href=\"https:\/\/blitzblank-mehr.de\/index.php\/entrumpelung\/\" \/>\n<meta property=\"og:locale\" content=\"en_US\" \/>\n<meta property=\"og:type\" content=\"article\" \/>\n<meta property=\"og:title\" content=\"Entr\u00fcmpelung - Blitzblank-Mehr\" \/>\n<meta property=\"og:description\" content=\"Entr\u00fcmpelung \/ R\u00e4umung Schnell, zuverl\u00e4ssig und umweltfreundlich \u2013 wir r\u00e4umen alles, was Sie loswerden m\u00f6chten: Wohnungs Keller- und B\u00fcroentr\u00fcmpelung Abtransport von Sperrm\u00fcll und nicht mehr ben\u00f6tigten Gegenst\u00e4nde Umweltgerechte Entsorgung Komplette R\u00e4umungen mit professioneller Organisation\" \/>\n<meta property=\"og:url\" content=\"https:\/\/blitzblank-mehr.de\/index.php\/entrumpelung\/\" \/>\n<meta property=\"og:site_name\" content=\"Blitzblank-Mehr\" \/>\n<meta property=\"article:modified_time\" content=\"2026-01-12T19:05:59+00:00\" \/>\n<meta property=\"og:image\" content=\"https:\/\/blitzblank-mehr.de\/wp-content\/uploads\/2026\/01\/Entrumpelung.png\" \/>\n<meta name=\"twitter:card\" content=\"summary_large_image\" \/>\n<meta name=\"twitter:label1\" content=\"Est. reading time\" \/>\n\t<meta name=\"twitter:data1\" content=\"1 minute\" \/>\n<script type=\"application\/ld+json\" class=\"yoast-schema-graph\">{\"@context\":\"https:\/\/schema.org\",\"@graph\":[{\"@type\":\"WebPage\",\"@id\":\"https:\/\/blitzblank-mehr.de\/index.php\/entrumpelung\/\",\"url\":\"https:\/\/blitzblank-mehr.de\/index.php\/entrumpelung\/\",\"name\":\"Entr\u00fcmpelung - Blitzblank-Mehr\",\"isPartOf\":{\"@id\":\"https:\/\/blitzblank-mehr.de\/#website\"},\"primaryImageOfPage\":{\"@id\":\"https:\/\/blitzblank-mehr.de\/index.php\/entrumpelung\/#primaryimage\"},\"image\":{\"@id\":\"https:\/\/blitzblank-mehr.de\/index.php\/entrumpelung\/#primaryimage\"},\"thumbnailUrl\":\"https:\/\/blitzblank-mehr.de\/wp-content\/uploads\/2026\/01\/Entrumpelung.png\",\"datePublished\":\"2026-01-12T19:03:22+00:00\",\"dateModified\":\"2026-01-12T19:05:59+00:00\",\"breadcrumb\":{\"@id\":\"https:\/\/blitzblank-mehr.de\/index.php\/entrumpelung\/#breadcrumb\"},\"inLanguage\":\"en-US\",\"potentialAction\":[{\"@type\":\"ReadAction\",\"target\":[\"https:\/\/blitzblank-mehr.de\/index.php\/entrumpelung\/\"]}]},{\"@type\":\"ImageObject\",\"inLanguage\":\"en-US\",\"@id\":\"https:\/\/blitzblank-mehr.de\/index.php\/entrumpelung\/#primaryimage\",\"url\":\"https:\/\/blitzblank-mehr.de\/wp-content\/uploads\/2026\/01\/Entrumpelung.png\",\"contentUrl\":\"https:\/\/blitzblank-mehr.de\/wp-content\/uploads\/2026\/01\/Entrumpelung.png\",\"width\":1024,\"height\":1024},{\"@type\":\"BreadcrumbList\",\"@id\":\"https:\/\/blitzblank-mehr.de\/index.php\/entrumpelung\/#breadcrumb\",\"itemListElement\":[{\"@type\":\"ListItem\",\"position\":1,\"name\":\"Home\",\"item\":\"https:\/\/blitzblank-mehr.de\/\"},{\"@type\":\"ListItem\",\"position\":2,\"name\":\"Entr\u00fcmpelung\"}]},{\"@type\":\"WebSite\",\"@id\":\"https:\/\/blitzblank-mehr.de\/#website\",\"url\":\"https:\/\/blitzblank-mehr.de\/\",\"name\":\"Blitzblank-Mehr\",\"description\":\"Startiren\",\"publisher\":{\"@id\":\"https:\/\/blitzblank-mehr.de\/#organization\"},\"potentialAction\":[{\"@type\":\"SearchAction\",\"target\":{\"@type\":\"EntryPoint\",\"urlTemplate\":\"https:\/\/blitzblank-mehr.de\/?s={search_term_string}\"},\"query-input\":{\"@type\":\"PropertyValueSpecification\",\"valueRequired\":true,\"valueName\":\"search_term_string\"}}],\"inLanguage\":\"en-US\"},{\"@type\":\"Organization\",\"@id\":\"https:\/\/blitzblank-mehr.de\/#organization\",\"name\":\"Blitzblank-Mehr\",\"url\":\"https:\/\/blitzblank-mehr.de\/\",\"logo\":{\"@type\":\"ImageObject\",\"inLanguage\":\"en-US\",\"@id\":\"https:\/\/blitzblank-mehr.de\/#\/schema\/logo\/image\/\",\"url\":\"https:\/\/blitzblank-mehr.de\/wp-content\/uploads\/2026\/01\/logo.png\",\"contentUrl\":\"https:\/\/blitzblank-mehr.de\/wp-content\/uploads\/2026\/01\/logo.png\",\"width\":279,\"height\":223,\"caption\":\"Blitzblank-Mehr\"},\"image\":{\"@id\":\"https:\/\/blitzblank-mehr.de\/#\/schema\/logo\/image\/\"}}]}<\/script>\n<!-- \/ Yoast SEO plugin. -->","yoast_head_json":{"title":"Entr\u00fcmpelung - Blitzblank-Mehr","robots":{"index":"index","follow":"follow","max-snippet":"max-snippet:-1","max-image-preview":"max-image-preview:large","max-video-preview":"max-video-preview:-1"},"canonical":"https:\/\/blitzblank-mehr.de\/index.php\/entrumpelung\/","og_locale":"en_US","og_type":"article","og_title":"Entr\u00fcmpelung - Blitzblank-Mehr","og_description":"Entr\u00fcmpelung \/ R\u00e4umung Schnell, zuverl\u00e4ssig und umweltfreundlich \u2013 wir r\u00e4umen alles, was Sie loswerden m\u00f6chten: Wohnungs Keller- und B\u00fcroentr\u00fcmpelung Abtransport von Sperrm\u00fcll und nicht mehr ben\u00f6tigten Gegenst\u00e4nde Umweltgerechte Entsorgung Komplette R\u00e4umungen mit professioneller Organisation","og_url":"https:\/\/blitzblank-mehr.de\/index.php\/entrumpelung\/","og_site_name":"Blitzblank-Mehr","article_modified_time":"2026-01-12T19:05:59+00:00","og_image":[{"url":"https:\/\/blitzblank-mehr.de\/wp-content\/uploads\/2026\/01\/Entrumpelung.png","type":"","width":"","height":""}],"twitter_card":"summary_large_image","twitter_misc":{"Est. reading time":"1 minute"},"schema":{"@context":"https:\/\/schema.org","@graph":[{"@type":"WebPage","@id":"https:\/\/blitzblank-mehr.de\/index.php\/entrumpelung\/","url":"https:\/\/blitzblank-mehr.de\/index.php\/entrumpelung\/","name":"Entr\u00fcmpelung - Blitzblank-Mehr","isPartOf":{"@id":"https:\/\/blitzblank-mehr.de\/#website"},"primaryImageOfPage":{"@id":"https:\/\/blitzblank-mehr.de\/index.php\/entrumpelung\/#primaryimage"},"image":{"@id":"https:\/\/blitzblank-mehr.de\/index.php\/entrumpelung\/#primaryimage"},"thumbnailUrl":"https:\/\/blitzblank-mehr.de\/wp-content\/uploads\/2026\/01\/Entrumpelung.png","datePublished":"2026-01-12T19:03:22+00:00","dateModified":"2026-01-12T19:05:59+00:00","breadcrumb":{"@id":"https:\/\/blitzblank-mehr.de\/index.php\/entrumpelung\/#breadcrumb"},"inLanguage":"en-US","potentialAction":[{"@type":"ReadAction","target":["https:\/\/blitzblank-mehr.de\/index.php\/entrumpelung\/"]}]},{"@type":"ImageObject","inLanguage":"en-US","@id":"https:\/\/blitzblank-mehr.de\/index.php\/entrumpelung\/#primaryimage","url":"https:\/\/blitzblank-mehr.de\/wp-content\/uploads\/2026\/01\/Entrumpelung.png","contentUrl":"https:\/\/blitzblank-mehr.de\/wp-content\/uploads\/2026\/01\/Entrumpelung.png","width":1024,"height":1024},{"@type":"BreadcrumbList","@id":"https:\/\/blitzblank-mehr.de\/index.php\/entrumpelung\/#breadcrumb","itemListElement":[{"@type":"ListItem","position":1,"name":"Home","item":"https:\/\/blitzblank-mehr.de\/"},{"@type":"ListItem","position":2,"name":"Entr\u00fcmpelung"}]},{"@type":"WebSite","@id":"https:\/\/blitzblank-mehr.de\/#website","url":"https:\/\/blitzblank-mehr.de\/","name":"Blitzblank-Mehr","description":"Startiren","publisher":{"@id":"https:\/\/blitzblank-mehr.de\/#organization"},"potentialAction":[{"@type":"SearchAction","target":{"@type":"EntryPoint","urlTemplate":"https:\/\/blitzblank-mehr.de\/?s={search_term_string}"},"query-input":{"@type":"PropertyValueSpecification","valueRequired":true,"valueName":"search_term_string"}}],"inLanguage":"en-US"},{"@type":"Organization","@id":"https:\/\/blitzblank-mehr.de\/#organization","name":"Blitzblank-Mehr","url":"https:\/\/blitzblank-mehr.de\/","logo":{"@type":"ImageObject","inLanguage":"en-US","@id":"https:\/\/blitzblank-mehr.de\/#\/schema\/logo\/image\/","url":"https:\/\/blitzblank-mehr.de\/wp-content\/uploads\/2026\/01\/logo.png","contentUrl":"https:\/\/blitzblank-mehr.de\/wp-content\/uploads\/2026\/01\/logo.png","width":279,"height":223,"caption":"Blitzblank-Mehr"},"image":{"@id":"https:\/\/blitzblank-mehr.de\/#\/schema\/logo\/image\/"}}]}},"_links":{"self":[{"href":"https:\/\/blitzblank-mehr.de\/index.php\/wp-json\/wp\/v2\/pages\/1853","targetHints":{"allow":["GET"]}}],"collection":[{"href":"https:\/\/blitzblank-mehr.de\/index.php\/wp-json\/wp\/v2\/pages"}],"about":[{"href":"https:\/\/blitzblank-mehr.de\/index.php\/wp-json\/wp\/v2\/types\/page"}],"author":[{"embeddable":true,"href":"https:\/\/blitzblank-mehr.de\/index.php\/wp-json\/wp\/v2\/users\/1"}],"replies":[{"embeddable":true,"href":"https:\/\/blitzblank-mehr.de\/index.php\/wp-json\/wp\/v2\/comments?post=1853"}],"version-history":[{"count":7,"href":"https:\/\/blitzblank-mehr.de\/index.php\/wp-json\/wp\/v2\/pages\/1853\/revisions"}],"predecessor-version":[{"id":1862,"href":"https:\/\/blitzblank-mehr.de\/index.php\/wp-json\/wp\/v2\/pages\/1853\/revisions\/1862"}],"wp:attachment":[{"href":"https:\/\/blitzblank-mehr.de\/index.php\/wp-json\/wp\/v2\/media?parent=1853"}],"curies":[{"name":"wp","href":"https:\/\/api.w.org\/{rel}","templated":true}]}}